{"id":3549,"date":"2024-02-26T09:49:20","date_gmt":"2024-02-26T09:49:20","guid":{"rendered":"https:\/\/ineco.ee\/?post_type=product&#038;p=3549"},"modified":"2024-02-26T09:58:25","modified_gmt":"2024-02-26T09:58:25","slug":"savivarvi-krunt","status":"publish","type":"product","link":"https:\/\/www.ineco.ee\/en\/toode\/savivarvi-krunt\/","title":{"rendered":"Saviv\u00e4rvi krunt"},"content":{"rendered":"<p>Sobib t\u00f6\u00f6tlemata ja imava pinna kruntimiseks enne saviv\u00e4rviga v\u00e4rvimist. Aluspind peab olema puhas ja tolmuvaba. Aluspinna ja \u00fchu temperatuur peab olema \u00fcle 5\u00b0C.<\/p>\n<p><strong>Kulu:<\/strong> 10g = 6m\u00b2 \u00fche kihi kohta<br \/>\n<strong>Vee kogus:<\/strong> 10g krundi pulbrit segada 2L veega.<\/p>\n<p>V\u00e4ga imavaid pindu soovitame kruntida kaks korda.<\/p>\n","protected":false},"excerpt":{"rendered":"<p>Sobib t\u00f6\u00f6tlemata ja imava pinna kruntimiseks enne saviv\u00e4rviga v\u00e4rvimist. Aluspind peab olema puhas ja tolmuvaba. Aluspinna ja \u00fchu temperatuur peab olema \u00fcle 5\u00b0C. Kulu: 10g = 6m\u00b2 \u00fche kihi kohta Vee kogus: 10g krundi pulbrit segada 2L veega. V\u00e4ga imavaid pindu soovitame kruntida kaks korda.<\/p>\n","protected":false},"featured_media":3552,"template":"","meta":{"_et_pb_use_builder":"","_et_pb_old_content":"","_et_gb_content_width":""},"product_brand":[],"product_cat":[31],"product_tag":[122],"class_list":{"0":"post-3549","1":"product","2":"type-product","3":"status-publish","4":"has-post-thumbnail","6":"product_cat-krundid","7":"product_tag-krunt","9":"first","10":"instock","11":"taxable","12":"shipping-taxable","13":"purchasable","14":"product-type-variable","15":"has-default-attributes"},"supplier_id":null,"supplier_sku":"","barcode":null,"atum_controlled":true,"out_stock_date":null,"out_stock_threshold":null,"inheritable":true,"inbound_stock":null,"stock_on_hold":20,"sold_today":0,"sales_last_days":0,"reserved_stock":null,"customer_returns":null,"warehouse_damage":null,"lost_in_post":null,"other_logs":null,"out_stock_days":0,"lost_sales":0,"has_location":false,"update_date":"2026-04-14T05:31:00","atum_locations":[],"atum_stock_status":"instock","restock_status":false,"low_stock_amount":"","sales_update_date":"2026-04-14T05:31:00","calc_backorders":null,"_links":{"self":[{"href":"https:\/\/www.ineco.ee\/en\/wp-json\/wp\/v2\/product\/3549","targetHints":{"allow":["GET"]}}],"collection":[{"href":"https:\/\/www.ineco.ee\/en\/wp-json\/wp\/v2\/product"}],"about":[{"href":"https:\/\/www.ineco.ee\/en\/wp-json\/wp\/v2\/types\/product"}],"wp:featuredmedia":[{"embeddable":true,"href":"https:\/\/www.ineco.ee\/en\/wp-json\/wp\/v2\/media\/3552"}],"wp:attachment":[{"href":"https:\/\/www.ineco.ee\/en\/wp-json\/wp\/v2\/media?parent=3549"}],"wp:term":[{"taxonomy":"product_brand","embeddable":true,"href":"https:\/\/www.ineco.ee\/en\/wp-json\/wp\/v2\/product_brand?post=3549"},{"taxonomy":"product_cat","embeddable":true,"href":"https:\/\/www.ineco.ee\/en\/wp-json\/wp\/v2\/product_cat?post=3549"},{"taxonomy":"product_tag","embeddable":true,"href":"https:\/\/www.ineco.ee\/en\/wp-json\/wp\/v2\/product_tag?post=3549"}],"curies":[{"name":"wp","href":"https:\/\/api.w.org\/{rel}","templated":true}]}}