{"id":3302,"date":"2022-06-03T10:50:16","date_gmt":"2022-06-03T10:50:16","guid":{"rendered":"https:\/\/ineco.ee\/?post_type=product&#038;p=3302"},"modified":"2022-06-03T10:54:22","modified_gmt":"2022-06-03T10:54:22","slug":"savi-okovarv-vanasinine","status":"publish","type":"product","link":"https:\/\/www.ineco.ee\/en\/toode\/savi-okovarv-vanasinine\/","title":{"rendered":"Savi \u00f6kov\u00e4rv, vanasinine"},"content":{"rendered":"<div><span style=\"font-family: tahoma, arial, helvetica, sans-serif;\">V\u00e4rv on sobilik neile, kes peavad oluliseks looduslikku hingavat (difuusset) ja plastivaba viimistlust ja kelle jaoks on oluline v\u00e4ltida tervist ja keskkonda kahjustavate \u00fchendite kasutamist ning oluline luua meeldivat tunnet. IN ECO v\u00e4rvid ei sisalda s\u00e4ilitusaineid, lahusteid ega biotsiide. VOC 0.<\/span><\/div>\n<div><\/div>\n<div><span style=\"font-family: tahoma, arial, helvetica, sans-serif;\"><b>Lahusti<\/b>: Vesi<\/span><\/div>\n<div><\/div>\n<div><span style=\"font-family: tahoma, arial, helvetica, sans-serif;\"><b>Kulu<\/b>: 3-7 m2\/l \u00fche kihi kohta s\u00f5ltuvalt aluspinnast. V\u00e4rvitakse 2-3 kihti.<\/span><\/div>\n<div><\/div>\n<div><span style=\"font-family: tahoma, arial, helvetica, sans-serif;\"><b>Kasutuskohad<\/b>: Seinad, laed. Sobib krohvitud pindadele ja ehitusplaatidele. Saviv\u00e4rv ei sobi niisketesse ruumidesse.<\/span><\/div>\n<div><\/div>\n<div><span style=\"font-family: tahoma, arial, helvetica, sans-serif;\"><b>Koostisosad<\/b>: Tuntud looduslikud materjalid, enamasti valge savi ja dolomiidijahud.<\/span><\/div>\n<div><\/div>\n<div><span style=\"font-family: tahoma, arial, helvetica, sans-serif;\"><b>Omadused<\/b>: Peenstruktuurne, lihtsalt paigaldatav, hea katvusega ja korduvalt \u00fclev\u00e4rvitav.<\/span><\/div>\n<div><\/div>\n<div><span style=\"font-family: tahoma, arial, helvetica, sans-serif;\"><b>Pealekandmine<\/b>: V\u00e4rvirulli v\u00f5i pintsliga.<\/span><\/div>\n<div><\/div>\n<div><span style=\"font-family: tahoma, arial, helvetica, sans-serif;\"><b>J\u00e4\u00e4tmek\u00e4itlus ja keskkonnakaitse<\/b>: Toode ei ole keskkonnale kahjulik, on kompostitav. Ummistuste v\u00e4ltimiseks mitte valada kanalisatsiooni.<\/span><\/div>\n<div><\/div>\n<div><span style=\"font-family: tahoma, arial, helvetica, sans-serif;\"><b>Lisainfo<\/b>: Kasuta v\u00e4rv kolme p\u00e4eva jooksul alates veega segamisest, hoia jahedas (+7&#8217;C).<\/span><\/div>\n","protected":false},"excerpt":{"rendered":"<p><span style=\"font-family: tahoma, arial, helvetica, sans-serif;\">IN ECO SAVI \u00d6KOV\u00c4RV on looduss\u00f5bralik kuivseguna m\u00fc\u00fcdav sisev\u00e4rv, mis koosneb tuntud looduslikest materjalidest, enamasti valgest savist ja dolomiidijahudest. <\/span><\/p>\n<p><span style=\"font-family: tahoma, arial, helvetica, sans-serif;\">P<\/span><span style=\"font-family: tahoma, arial, helvetica, sans-serif;\">akume maal\u00e4hedasi toone, mis on inimesi saatnud aastatuhandeid. Oleme nendega kohanenud ja seet\u00f5ttu on need inimese silmale k\u00f5ige mugavamad.\u00a0<\/span><span style=\"font-family: tahoma, arial, helvetica, sans-serif;\">Tutvu k\u00f5ikide toonidega <a href=\"https:\/\/ineco.ee\/varvikaart\/\"><span style=\"text-decoration: underline;\"><strong>V\u00c4RVIKAARDIL<\/strong><\/span><\/a>.<\/span><\/p>\n<div data-pm-slice=\"1 1 []\" data-en-clipboard=\"true\"><span style=\"font-family: tahoma, arial, helvetica, sans-serif;\"><em>* Toote tegelik v\u00e4rvus v\u00f5ib erineda pildil kujutatavast. Juhised v\u00e4rvi valmistamiseks ja pealekandmiseks leiad <a href=\"https:\/\/ineco.ee\/juhend\/\" target=\"_blank\" rel=\"noopener\"><span style=\"text-decoration: underline;\"><strong>SIIT<\/strong><\/span><\/a>.<\/em><\/span><\/div>\n","protected":false},"featured_media":3288,"template":"","meta":{"_et_pb_use_builder":"","_et_pb_old_content":"","_et_gb_content_width":""},"product_brand":[],"product_cat":[29],"product_tag":[],"class_list":{"0":"post-3302","1":"product","2":"type-product","3":"status-publish","4":"has-post-thumbnail","6":"product_cat-seinavarvid","8":"first","9":"instock","10":"taxable","11":"shipping-taxable","12":"purchasable","13":"product-type-variable"},"supplier_id":null,"supplier_sku":"","barcode":null,"atum_controlled":true,"out_stock_date":null,"out_stock_threshold":null,"inheritable":true,"inbound_stock":null,"stock_on_hold":8,"sold_today":0,"sales_last_days":0,"reserved_stock":null,"customer_returns":null,"warehouse_damage":null,"lost_in_post":null,"other_logs":null,"out_stock_days":0,"lost_sales":0,"has_location":false,"update_date":"2026-04-04T03:59:32","atum_locations":[],"atum_stock_status":"instock","restock_status":false,"low_stock_amount":"","sales_update_date":"2026-04-04T03:59:32","calc_backorders":null,"_links":{"self":[{"href":"https:\/\/www.ineco.ee\/en\/wp-json\/wp\/v2\/product\/3302","targetHints":{"allow":["GET"]}}],"collection":[{"href":"https:\/\/www.ineco.ee\/en\/wp-json\/wp\/v2\/product"}],"about":[{"href":"https:\/\/www.ineco.ee\/en\/wp-json\/wp\/v2\/types\/product"}],"wp:featuredmedia":[{"embeddable":true,"href":"https:\/\/www.ineco.ee\/en\/wp-json\/wp\/v2\/media\/3288"}],"wp:attachment":[{"href":"https:\/\/www.ineco.ee\/en\/wp-json\/wp\/v2\/media?parent=3302"}],"wp:term":[{"taxonomy":"product_brand","embeddable":true,"href":"https:\/\/www.ineco.ee\/en\/wp-json\/wp\/v2\/product_brand?post=3302"},{"taxonomy":"product_cat","embeddable":true,"href":"https:\/\/www.ineco.ee\/en\/wp-json\/wp\/v2\/product_cat?post=3302"},{"taxonomy":"product_tag","embeddable":true,"href":"https:\/\/www.ineco.ee\/en\/wp-json\/wp\/v2\/product_tag?post=3302"}],"curies":[{"name":"wp","href":"https:\/\/api.w.org\/{rel}","templated":true}]}}